{"id":11,"date":"2015-03-17T11:22:18","date_gmt":"2015-03-17T10:22:18","guid":{"rendered":"http:\/\/ahg-hamm.de\/web\/?page_id=11"},"modified":"2023-01-09T11:54:50","modified_gmt":"2023-01-09T10:54:50","slug":"kontakt","status":"publish","type":"page","link":"https:\/\/ahg-hamm.de\/web\/kontakt\/","title":{"rendered":"Kontakt"},"content":{"rendered":"<section class=\"dnd_section_dd \" style=\"\">\n\t\t\n\t\t<div class=\"dnd_section_content\"><div class=\"dnd_container\"><div class=\"dnd_column_dd_span6 \">\n<h4 class=\"column_title_text_margin\">Ansprechpartner<\/h4>\n\n\t\t<div class=\"dnd-accordion dnd-toggle\" data-expanded=\"0\">\n\t\t\t<h3>Gesch\u00e4ftsf\u00fchrung<\/h3>\n\t\t\t<div class=\"dnd-accordion-body\">\n\t\t\t\t<strong>Herr Michael Hoppe<\/strong><br \/> Bereich: Vertrieb und Gesch\u00e4ftsleitung<br \/> Sprachen: Deutsch, Englisch<br \/> Tel.: 49 (0) 2381 \/ 953 105<br \/> Fax: 49 (0) 2381 \/ 953 107<br \/> eMail: info@ahg-hamm.de<\/p>\n<p><strong>Herr J\u00f6rg Jirsak<\/strong><br \/> Bereich: Einkauf und Gesch\u00e4ftsleitung<br \/> Sprachen: Deutsch, Englisch<br \/> Tel.: 49 (0) 2381 \/ 953 105<br \/> Fax: 49 (0) 2381 \/ 953 107<br \/>eMail:info@ahg-hamm.de\n\t\t\t<\/div>\n\t\t<\/div>\n\t\t\n\t\t<div class=\"dnd-accordion dnd-toggle\" data-expanded=\"0\">\n\t\t\t<h3>Assistenz Gesch\u00e4ftsleitung<\/h3>\n\t\t\t<div class=\"dnd-accordion-body\">\n\t\t\t\t<strong>Frau Sandra Walter<\/strong><br \/>Bereich: Assistenz Gesch\u00e4ftsleitung<br \/>Sprachen: Deutsch, Englisch<br \/>Tel.: 49 (0) 2381 \/ 953 105<br \/>Fax: 49 (0) 2381 \/ 953 107<br \/>eMail: s.walter@ahg-hamm.de<\/p>\n\n\t\t\t<\/div>\n\t\t<\/div>\n\t\t\n\t\t<div class=\"dnd-accordion dnd-toggle\" data-expanded=\"0\">\n\t\t\t<h3>Vertrieb \/ Disposition<\/h3>\n\t\t\t<div class=\"dnd-accordion-body\">\n\t\t\t\t<strong>Herr Guido L\u00fcck<\/strong><br \/> Bereich: Leitung Innendienst<br \/> Sprachen: Deutsch, Englisch<br \/> Tel.: 49 (0) 2381 \/ 953 105<br \/> Fax: 49 (0) 2381 \/ 953 107<br \/>eMail: g.lueck@ahg-hamm.de\n\t\t\t<\/div>\n\t\t<\/div>\n\t\t\n\t\t<div class=\"dnd-accordion dnd-toggle\" data-expanded=\"0\">\n\t\t\t<h3>Au\u00dfendienst \/ Kundenbetreuung<\/h3>\n\t\t\t<div class=\"dnd-accordion-body\">\n\t\t\t\t<strong>Herr Michael Niehaus<\/strong><br \/>Bereich: Gebietsverkaufsleiter<br \/>Sprachen: Deutsch, Englisch<br \/>Tel.: 49 (0) 2381 \/ 953 105<br \/>Fax: 49 (0) 2381 \/ 953 107<br \/>eMail:\u00a0m.niehaus@ahg-hamm.de\n\t\t\t<\/div>\n\t\t<\/div>\n\t\t\n\t\t<div class=\"dnd-accordion dnd-toggle\" data-expanded=\"0\">\n\t\t\t<h3>Lager- und 2. Wahlverkauf<\/h3>\n\t\t\t<div class=\"dnd-accordion-body\">\n\t\t\t\tTel.: 49 (0) 2381 \/ 4 966 211\n\t\t\t<\/div>\n\t\t<\/div>\n\t\t<\/div><div class=\"dnd_column_dd_span6 \">\n<h4 class=\"column_title_text_margin\">Formular f\u00fcr Fragen &#038; Kontaktaufnahme<\/h4>\n<p> <em><span style=\"font-size: 8pt;\"> Die mit * gekennzeichneten Felder sind Pflichtangaben.<\/span><\/em>\n<div class=\"wpcf7 no-js\" id=\"wpcf7-f31-o1\" lang=\"de-DE\" dir=\"ltr\">\n<div class=\"screen-reader-response\"><p role=\"status\" aria-live=\"polite\" aria-atomic=\"true\"><\/p> <ul><\/ul><\/div>\n<form action=\"\/web\/wp-json\/wp\/v2\/pages\/11#wpcf7-f31-o1\" method=\"post\" class=\"wpcf7-form init\" aria-label=\"Kontaktformular\" novalidate=\"novalidate\" data-status=\"init\">\n<div style=\"display: none;\">\n<input type=\"hidden\" name=\"_wpcf7\" value=\"31\" \/>\n<input type=\"hidden\" name=\"_wpcf7_version\" value=\"5.9.2\" \/>\n<input type=\"hidden\" name=\"_wpcf7_locale\" value=\"de_DE\" \/>\n<input type=\"hidden\" name=\"_wpcf7_unit_tag\" value=\"wpcf7-f31-o1\" \/>\n<input type=\"hidden\" name=\"_wpcf7_container_post\" value=\"0\" \/>\n<input type=\"hidden\" name=\"_wpcf7_posted_data_hash\" value=\"\" \/>\n<\/div>\n<p><span class=\"wpcf7-form-control-wrap\" data-name=\"your-name\"><input size=\"40\" class=\"wpcf7-form-control wpcf7-text wpcf7-validates-as-required\" aria-required=\"true\" aria-invalid=\"false\" placeholder=\"Name, Vorname *\" value=\"\" type=\"text\" name=\"your-name\" \/><\/span>\n<\/p>\n<p><span class=\"wpcf7-form-control-wrap\" data-name=\"your-email\"><input size=\"40\" class=\"wpcf7-form-control wpcf7-email wpcf7-validates-as-required wpcf7-text wpcf7-validates-as-email\" aria-required=\"true\" aria-invalid=\"false\" placeholder=\"eMail Adresse *\" value=\"\" type=\"email\" name=\"your-email\" \/><\/span>\n<\/p>\n<p><span class=\"wpcf7-form-control-wrap\" data-name=\"your-message\"><textarea cols=\"40\" rows=\"10\" class=\"wpcf7-form-control wpcf7-textarea\" aria-invalid=\"false\" placeholder=\"Nachricht *\" name=\"your-message\"><\/textarea><\/span>\n<\/p>\n<p><span class=\"wpcf7-form-control-wrap\" data-name=\"acceptance-265\"><span class=\"wpcf7-form-control wpcf7-acceptance\"><span class=\"wpcf7-list-item\"><label><input type=\"checkbox\" name=\"acceptance-265\" value=\"1\" aria-invalid=\"false\" \/><span class=\"wpcf7-list-item-label\">Ich stimme zu, dass meine Angaben aus dem Kontaktformular zur Beantwortung meiner Anfrage erhoben und verarbeitet werden. Die Daten werden nach abgeschlossener Bearbeitung Ihrer Anfrage gel\u00f6scht. <b>HINWEIS:<\/b> Sie k\u00f6nnen Ihre Einwilligung jederzeit f\u00fcr die Zukunft per E-Mail an info@ahg-hamm.de widerrufen.  Detaillierte Informationen zum Umgang mit Nutzerdaten finden Sie in unserer <a href=\"https:\/\/ahg-hamm.de\/web\/impressum\/datenschutzerklaerung\/\">Datenschutzerkl\u00e4rung<\/a>.<\/span><\/label><\/span><\/span><\/span>\n<\/p>\n<p><input class=\"wpcf7-form-control wpcf7-submit has-spinner\" type=\"submit\" value=\"Senden\" \/>\n<\/p><div class=\"wpcf7-response-output\" aria-hidden=\"true\"><\/div>\n<\/form>\n<\/div>\n<\/div><\/div><\/div>\n\t\t\n\t\t\n\t<\/section>\n","protected":false},"excerpt":{"rendered":"<p>Ansprechpartner Gesch\u00e4ftsf\u00fchrung Herr Michael Hoppe Bereich: Vertrieb und Gesch\u00e4ftsleitung Sprachen: Deutsch, Englisch Tel.: 49 (0) 2381 \/ 953 105 Fax: 49 (0) 2381 \/ 953 107 eMail: info@ahg-hamm.de Herr J\u00f6rg Jirsak Bereich: Einkauf und Gesch\u00e4ftsleitung Sprachen: Deutsch, Englisch Tel.: 49 (0) 2381 \/ 953 105 Fax: 49 (0) 2381 \/ 953 107eMail:info@ahg-hamm.de Assistenz Gesch\u00e4ftsleitung Frau [&#8230;]<\/p>\n","protected":false},"author":2,"featured_media":0,"parent":0,"menu_order":4,"comment_status":"closed","ping_status":"closed","template":"page-no-container.php","meta":{"footnotes":""},"class_list":["post-11","page","type-page","status-publish","hentry"],"_links":{"self":[{"href":"https:\/\/ahg-hamm.de\/web\/wp-json\/wp\/v2\/pages\/11","targetHints":{"allow":["GET"]}}],"collection":[{"href":"https:\/\/ahg-hamm.de\/web\/wp-json\/wp\/v2\/pages"}],"about":[{"href":"https:\/\/ahg-hamm.de\/web\/wp-json\/wp\/v2\/types\/page"}],"author":[{"embeddable":true,"href":"https:\/\/ahg-hamm.de\/web\/wp-json\/wp\/v2\/users\/2"}],"replies":[{"embeddable":true,"href":"https:\/\/ahg-hamm.de\/web\/wp-json\/wp\/v2\/comments?post=11"}],"version-history":[{"count":36,"href":"https:\/\/ahg-hamm.de\/web\/wp-json\/wp\/v2\/pages\/11\/revisions"}],"predecessor-version":[{"id":3235,"href":"https:\/\/ahg-hamm.de\/web\/wp-json\/wp\/v2\/pages\/11\/revisions\/3235"}],"wp:attachment":[{"href":"https:\/\/ahg-hamm.de\/web\/wp-json\/wp\/v2\/media?parent=11"}],"curies":[{"name":"wp","href":"https:\/\/api.w.org\/{rel}","templated":true}]}}