{"id":13,"date":"2015-03-17T11:22:42","date_gmt":"2015-03-17T10:22:42","guid":{"rendered":"http:\/\/ahg-hamm.de\/web\/?page_id=13"},"modified":"2026-03-10T09:57:31","modified_gmt":"2026-03-10T08:57:31","slug":"lager-und-2-wahlverkauf","status":"publish","type":"page","link":"https:\/\/ahg-hamm.de\/web\/lager-und-2-wahlverkauf\/","title":{"rendered":"Lager- und 2. Wahlverkauf"},"content":{"rendered":"<section class=\"dnd_section_dd \" style=\"\">\n\t\t\n\t\t<div class=\"dnd_section_content\"><div class=\"dnd_container\"><div class=\"dnd_column_dd_span6 \"><div class=\"dnd-animo \" data-animation=\"bounceIn\" data-duration=\"1000\" data-delay=\"0\"><img decoding=\"async\" src=\"https:\/\/ahg-hamm.de\/web\/wp-content\/uploads\/2015\/03\/ahg-hamm-lager-und-zweite-wahlverkauf-eingang.jpg\" alt=\"\"><\/div><span class=\"clear \" style=\"height:15px;display:block;\"><\/span><\/div><div class=\"dnd_column_dd_span6 \">Auf ca. 500m\u00b2 k\u00f6nnen Sie als Endverbraucher in unserem Lager- und 2. Wahlverkauf hochwertige Gartenm\u00f6bel, Pflanzgef\u00e4\u00dfe, Dekorationsartikel und \u2013trends einkaufen.<span class=\"clear \" style=\"height:30px;display:block;\"><\/span>\n\t\t<div class=\"dnd_service_box dnd_service_box_round_aside \">\n\t\t\t<div class=\"dnd_service_box_header\"><a href=\"#\" target=\"_self\" class=\"dnd_icon_boxed\"><i class=\"\"><\/i><\/a><a href=\"#\" target=\"_self\"><h3><\/h3><\/a><\/div>\n\t\t\t<p>\n<p><span style=\"color: #ff0000;font-weight:bold;\"><\/p>\n<p><span style=\"color:#fa0000;\"><br \/>\nSAISONSTART 10.03.2026<\/span><br \/>\nDienstag und Mittwoch 9-15 Uhr<br \/>\nDonnerstag und Freitag 9-18 Uhr<br \/>\nMo. + Sa. geschlossen<\/p>\n<\/p>\n\t\t<\/div><span class=\"clear \" style=\"height:30px;display:block;\"><\/span>\n\t\t<div class=\"dnd_service_box dnd_service_box_round_aside \">\n\t\t\t<div class=\"dnd_service_box_header\"><a href=\"#\" target=\"_self\" class=\"dnd_icon_boxed\"><i class=\"fa-home\"><\/i><\/a><a href=\"#\" target=\"_self\"><h3>Ansprechpartner<\/h3><\/a><\/div>\n\t\t\t<p>A.H.G. Hamm Lager- und 2. Wahlverkauf<br \/>Sachsenweg 21 &bull; 59073 Hamm<\/p>\n<p>Telefon: +49(0) 2381 \/ 4 966 211<\/p>\n\t\t<\/div><\/div><\/div><\/div>\n\t\t\n\t\t\n\t<\/section>\n","protected":false},"excerpt":{"rendered":"<p>Auf ca. 500m\u00b2 k\u00f6nnen Sie als Endverbraucher in unserem Lager- und 2. Wahlverkauf hochwertige Gartenm\u00f6bel, Pflanzgef\u00e4\u00dfe, Dekorationsartikel und \u2013trends einkaufen. SAISONSTART 10.03.2026 Dienstag und Mittwoch 9-15 Uhr Donnerstag und Freitag 9-18 Uhr Mo. + Sa. geschlossen Ansprechpartner A.H.G. Hamm Lager- und 2. WahlverkaufSachsenweg 21 &bull; 59073 Hamm Telefon: +49(0) 2381 \/ 4 966 211<\/p>\n","protected":false},"author":2,"featured_media":0,"parent":0,"menu_order":5,"comment_status":"closed","ping_status":"closed","template":"page-fullwidth.php","meta":{"footnotes":""},"class_list":["post-13","page","type-page","status-publish","hentry"],"_links":{"self":[{"href":"https:\/\/ahg-hamm.de\/web\/wp-json\/wp\/v2\/pages\/13","targetHints":{"allow":["GET"]}}],"collection":[{"href":"https:\/\/ahg-hamm.de\/web\/wp-json\/wp\/v2\/pages"}],"about":[{"href":"https:\/\/ahg-hamm.de\/web\/wp-json\/wp\/v2\/types\/page"}],"author":[{"embeddable":true,"href":"https:\/\/ahg-hamm.de\/web\/wp-json\/wp\/v2\/users\/2"}],"replies":[{"embeddable":true,"href":"https:\/\/ahg-hamm.de\/web\/wp-json\/wp\/v2\/comments?post=13"}],"version-history":[{"count":55,"href":"https:\/\/ahg-hamm.de\/web\/wp-json\/wp\/v2\/pages\/13\/revisions"}],"predecessor-version":[{"id":3345,"href":"https:\/\/ahg-hamm.de\/web\/wp-json\/wp\/v2\/pages\/13\/revisions\/3345"}],"wp:attachment":[{"href":"https:\/\/ahg-hamm.de\/web\/wp-json\/wp\/v2\/media?parent=13"}],"curies":[{"name":"wp","href":"https:\/\/api.w.org\/{rel}","templated":true}]}}