{"id":15,"date":"2015-03-17T11:23:26","date_gmt":"2015-03-17T10:23:26","guid":{"rendered":"http:\/\/ahg-hamm.de\/web\/?page_id=15"},"modified":"2023-11-03T12:06:38","modified_gmt":"2023-11-03T11:06:38","slug":"jobs","status":"publish","type":"page","link":"https:\/\/ahg-hamm.de\/web\/jobs\/","title":{"rendered":"Jobs"},"content":{"rendered":"<section class=\"dnd_section_dd \" style=\"\">\n\t\t\n\t\t<div class=\"dnd_section_content\"><div class=\"dnd_container\"><div class=\"dnd_column_dd_span12 \">Die Firma A.H.G. GmbH ist ein seit 1996 international t\u00e4tiges Unternehmen mit Tochtergesellschaften und Dependancen in Hong Kong und Vietnam. Unser Beschaffungsnetzwerk mit langj\u00e4hrigen joint-ventures reicht zudem in \u00fcber 10 weitere L\u00e4nder Europas. Wir besch\u00e4ftigen uns schwerpunktm\u00e4\u00dfig mit dem Import von Pflanzgef\u00e4\u00dfen, Dekoartikeln und Accessoires sowie Gartenm\u00f6beln f\u00fcr die \u201egr\u00fcne Branche\u201c. Wir beliefern innerhalb Europas in 16 L\u00e4nder u.a. die gr\u00f6\u00dften deutschen namhaften Baumarktketten sowie deren Gartencenter.<\/p>\n<p>Wir verstehen uns nicht nur als reiner Gro\u00dfh\u00e4ndler oder Importeur sondern mehr als Beschaffungs-, Marketing- und Sourcing-Unternehmen.<br \/>Wir \u00fcbernehmen zudem die logistischen Prozesse im klein- oder gro\u00dfvolumigen Bezug damit die Saisonwaren zum richtigen Zeitpunkt am richtigen Ort sind und in der Saison nachbeziehbar bleiben. Unser st\u00e4ndig expandierendes Unternehmen mit einem schlagkr\u00e4ftigen Team sucht somit zum n\u00e4chst m\u00f6glichen Eintritt am Standort in Hamm\/Westfalen folgende Verst\u00e4rkungen:<\/p>\n<p><a class=\"dnd-button dnd-button_normal dnd-button_large\" style=\"background-color:#fa0000;color:#ffffff;\" href=\"https:\/\/ahg-hamm.de\/web\/jobs\/ausbildung\/\"> <i class=\"fa fa-arrow-circle-right\"><\/i> Zu den Ausbildungsstellen (hier klicken)<\/a><\/p>\n<\/div><\/div><\/div>\n\t\t\n\t\t\n\t<\/section><section class=\"dnd_section_dd \" style=\"background-color:#f6f7f9;\">\n\t\t\n\t\t<div class=\"dnd_section_content\"><div class=\"dnd_container\"><div class=\"dnd_column_dd_span12 \"> Wir suchen:<\/p>\n<p><span style=\"font-size: 18pt;color:#fa0000;\"><b>Verk\u00e4ufer\/in (m\/w\/d)<\/b><\/span><\/p>\n<p>Ihre Aufgaben:<br \/>\n\u2022 Aktiver Verkauf und Kassenabrechnung<br \/>\n\u2022 Laden- und Showroomdekoration<br \/>\n\u2022 Planung und Durchf\u00fchrung von Aktionstagen<\/p>\n<p>Ihr Profil:<br \/>\n\u2022 Erfolgreich abgeschlossene Ausbildung und Erfahrung im Einzelhandel<br \/>\n\u2022 Freundlichkeit und Kundenorientiertheit<br \/>\n\u2022 Selbstbewusste Ausstrahlung und ein gepflegtes Erscheinungsbild<\/p>\n<p><b>F\u00fchlen Sie sich angesprochen?<\/b><br \/>\nDann freuen wir uns \u00fcber Ihre Online-Bewerbung an:<br \/>\nFrau Sandra Walter<br \/>\n<a href=\"mailto:s.walter@ahg-hamm.de\">s.walter@ahg-hamm.de<\/a><\/p>\n<\/div><\/div><\/div>\n\t\t\n\t\t\n\t<\/section><section class=\"dnd_section_dd \" style=\"\">\n\t\t\n\t\t<div class=\"dnd_section_content\"><div class=\"dnd_container\"><div class=\"dnd_column_dd_span12 \"><span class=\"clear \" style=\"height:15px;display:block;\"><\/span>\u201eHandel ist Wandel\u201c! Dieses Motto fordert uns st\u00e4ndig heraus und f\u00fchrt uns immer wieder zu neuen Ideen, Produkten und spannenden<br \/>Konzepten. Daher wird es bei uns nie langweilig und erwarten eine gewisse Flexibilit\u00e4t unserer Mitarbeiter. <\/p>\n<p><strong>F\u00fchlen sie sich angesprochen?<\/strong><br \/>Dann freuen wir uns \u00fcber ihre Online-Bewerbung Frau Sandra Walter (s.walter@ahg-hamm.de).<\/div><\/div><\/div>\n\t\t\n\t\t\n\t<\/section>\n","protected":false},"excerpt":{"rendered":"<p>Die Firma A.H.G. GmbH ist ein seit 1996 international t\u00e4tiges Unternehmen mit Tochtergesellschaften und Dependancen in Hong Kong und Vietnam. Unser Beschaffungsnetzwerk mit langj\u00e4hrigen joint-ventures reicht zudem in \u00fcber 10 weitere L\u00e4nder Europas. Wir besch\u00e4ftigen uns schwerpunktm\u00e4\u00dfig mit dem Import von Pflanzgef\u00e4\u00dfen, Dekoartikeln und Accessoires sowie Gartenm\u00f6beln f\u00fcr die \u201egr\u00fcne Branche\u201c. Wir beliefern innerhalb Europas [&#8230;]<\/p>\n","protected":false},"author":2,"featured_media":0,"parent":0,"menu_order":6,"comment_status":"closed","ping_status":"closed","template":"page-no-container.php","meta":{"footnotes":""},"class_list":["post-15","page","type-page","status-publish","hentry"],"_links":{"self":[{"href":"https:\/\/ahg-hamm.de\/web\/wp-json\/wp\/v2\/pages\/15","targetHints":{"allow":["GET"]}}],"collection":[{"href":"https:\/\/ahg-hamm.de\/web\/wp-json\/wp\/v2\/pages"}],"about":[{"href":"https:\/\/ahg-hamm.de\/web\/wp-json\/wp\/v2\/types\/page"}],"author":[{"embeddable":true,"href":"https:\/\/ahg-hamm.de\/web\/wp-json\/wp\/v2\/users\/2"}],"replies":[{"embeddable":true,"href":"https:\/\/ahg-hamm.de\/web\/wp-json\/wp\/v2\/comments?post=15"}],"version-history":[{"count":95,"href":"https:\/\/ahg-hamm.de\/web\/wp-json\/wp\/v2\/pages\/15\/revisions"}],"predecessor-version":[{"id":3313,"href":"https:\/\/ahg-hamm.de\/web\/wp-json\/wp\/v2\/pages\/15\/revisions\/3313"}],"wp:attachment":[{"href":"https:\/\/ahg-hamm.de\/web\/wp-json\/wp\/v2\/media?parent=15"}],"curies":[{"name":"wp","href":"https:\/\/api.w.org\/{rel}","templated":true}]}}