{"id":2351,"date":"2015-03-17T06:19:15","date_gmt":"2015-03-17T05:19:15","guid":{"rendered":"http:\/\/preview.ab-themes.com\/jomelle\/?page_id=23"},"modified":"2026-03-10T09:57:08","modified_gmt":"2026-03-10T08:57:08","slug":"startseite","status":"publish","type":"page","link":"https:\/\/ahg-hamm.de\/web\/","title":{"rendered":"Startseite"},"content":{"rendered":"<section class=\"dnd_section_dd  section_with_header\" style=\"\">\n\t\t<header><div class=\"dnd_container\"><h3>A.H.G. Hamm - Ideen f\u00fcr Haushalt und Garten<\/h3><p>Das Beschaffungs-, Vertriebs- und Sourcingunternehmen f\u00fcr Pflanzgef\u00e4\u00dfe, Dekorationsartikel & mehr.<\/p><\/div><\/header>\n\t\t<div class=\"dnd_section_content\"><div class=\"dnd_container\"><div class=\"dnd_column_dd_span4 \">\n\t\t<div class=\"dnd_service_box dnd_service_box_round \">\n\t\t\t<div class=\"dnd_service_box_header\"><a href=\"https:\/\/ahg-hamm.de\/web\/produkte-haushalt-und-garten\/indoor\/\" target=\"_self\" class=\"dnd_icon_boxed\"><i class=\"wm-wm-indoor\"><\/i><\/a><a href=\"https:\/\/ahg-hamm.de\/web\/produkte-haushalt-und-garten\/indoor\/\" target=\"_self\"><h3>Indoor<\/h3><\/a><\/div>\n\t\t\t<p>Hochwertig handgefertigte Keramik f\u00fcr den Innenbereich.<\/p>\n\t\t<\/div>\n\t\t<div class=\"dnd_service_box dnd_service_box_round \">\n\t\t\t<div class=\"dnd_service_box_header\"><a href=\"https:\/\/ahg-hamm.de\/web\/produkte-haushalt-und-garten\/edelstahl-metall-zink\/\" target=\"_self\" class=\"dnd_icon_boxed\"><i class=\"wm-wm-gkanne\"><\/i><\/a><a href=\"https:\/\/ahg-hamm.de\/web\/produkte-haushalt-und-garten\/edelstahl-metall-zink\/\" target=\"_self\"><h3>Edelstahl\/Metall\/Zink<\/h3><\/a><\/div>\n\t\t\t<p>Rostfreie, leichte und wasserfeste Gef\u00e4\u00dfe aus Edelstahl, Metall und Zink.<\/p>\n\t\t<\/div><\/div><div class=\"dnd_column_dd_span4 \">\n\t\t<div class=\"dnd_service_box dnd_service_box_round \">\n\t\t\t<div class=\"dnd_service_box_header\"><a href=\"https:\/\/ahg-hamm.de\/web\/produkte-haushalt-und-garten\/outdoor\/\" target=\"_self\" class=\"dnd_icon_boxed\"><i class=\"wm-wm-outdoor\"><\/i><\/a><a href=\"https:\/\/ahg-hamm.de\/web\/produkte-haushalt-und-garten\/outdoor\/\" target=\"_self\"><h3>Outdoor<\/h3><\/a><\/div>\n\t\t\t<p>Winter- und frostbest\u00e4ndige Pflanzgef\u00e4\u00dfe f\u00fcr den Au\u00dfenbereich. Robust, alltagstauglich und UV-best\u00e4ndig.<\/p>\n\t\t<\/div>\n\t\t<div class=\"dnd_service_box dnd_service_box_round \">\n\t\t\t<div class=\"dnd_service_box_header\"><a href=\"https:\/\/ahg-hamm.de\/web\/produkte-haushalt-und-garten\/polyrattan\/\" target=\"_self\" class=\"dnd_icon_boxed\"><i class=\"icon-flowerpot\"><\/i><\/a><a href=\"https:\/\/ahg-hamm.de\/web\/produkte-haushalt-und-garten\/polyrattan\/\" target=\"_self\"><h3>Polyrattan<\/h3><\/a><\/div>\n\t\t\t<p>Pflegeleichte Pflanzgef\u00e4\u00dfe f\u00fcr den Innen- und Au\u00dfenbereich. Sehr leicht und allwetterfest.<\/p>\n\t\t<\/div><\/div><div class=\"dnd_column_dd_span4 \">\n\t\t<div class=\"dnd_service_box dnd_service_box_round \">\n\t\t\t<div class=\"dnd_service_box_header\"><a href=\"https:\/\/ahg-hamm.de\/web\/produkte-haushalt-und-garten\/naturgeflechte\/\" target=\"_self\" class=\"dnd_icon_boxed\"><i class=\"fa-leaf\"><\/i><\/a><a href=\"https:\/\/ahg-hamm.de\/web\/produkte-haushalt-und-garten\/naturgeflechte\/\" target=\"_self\"><h3>Naturgeflechte<\/h3><\/a><\/div>\n\t\t\t<p>Aufwendig handgefertigte Pflanzgef\u00e4\u00dfe und Dekorationsartikel aus Naturgeflechten.<\/p>\n\t\t<\/div>\n\t\t<div class=\"dnd_service_box dnd_service_box_round \">\n\t\t\t<div class=\"dnd_service_box_header\"><a href=\"https:\/\/ahg-hamm.de\/web\/produkte-haushalt-und-garten\/dekorative-saisonware\/ \" target=\"_self\" class=\"dnd_icon_boxed\"><i class=\"icon-christmasstree\"><\/i><\/a><a href=\"https:\/\/ahg-hamm.de\/web\/produkte-haushalt-und-garten\/dekorative-saisonware\/ \" target=\"_self\"><h3>dekorative Saisonware<\/h3><\/a><\/div>\n\t\t\t<p>Weihnachts-, Oster- und Ganzjahresdekoration aus verschiedenen Materialien.<\/p>\n\t\t<\/div><\/div><\/div><\/div>\n\t\t\n\t\t\n\t<\/section><section class=\"dnd_section_dd no_padding_top section_with_alternative_header section_with_header\" style=\"\">\n\t\t<header><div class=\"dnd_container\"><h3>Lager- und 2. Wahlverkauf auf 500m\u00b2<\/h3><\/div><\/header>\n\t\t<div class=\"dnd_section_content\"><div class=\"dnd_container\"><div class=\"dnd_column_dd_span6 \"><div class=\"dnd-animo \" data-animation=\"bounceIn\" data-duration=\"0\" data-delay=\"0\"><img decoding=\"async\" src=\"https:\/\/ahg-hamm.de\/web\/wp-content\/uploads\/2023\/11\/ahg-winterpause-1.png\" alt=\"\"><\/div><\/div><div class=\"dnd_column_dd_span6 \">In unserem Lager- und 2. Wahlverkauf finden Sie hochwertige Gartenm\u00f6bel, Pflanzgef\u00e4\u00dfe, Dekorationsartikel und \u2013trends.<span class=\"clear \" style=\"height:30px;display:block;\"><\/span>\n\t\t<div class=\"dnd_service_box dnd_service_box_round_aside \">\n\t\t\t<div class=\"dnd_service_box_header\"><a href=\"#\" target=\"_self\" class=\"dnd_icon_boxed\"><i class=\"fa-home\"><\/i><\/a><a href=\"#\" target=\"_self\"><h3><\/h3><\/a><\/div>\n\t\t\t<p>\n<span style=\"color:#fa0000;\"><br \/>\nSAISONSTART 10.03.2026<\/span><br \/>\nDienstag und Mittwoch 9-15 Uhr<br \/>\nDonnerstag und Freitag 9-18 Uhr<br \/>\nMo. + Sa. geschlossen<\/p>\n<\/p>\n\t\t<\/div><span class=\"clear \" style=\"height:30px;display:block;\"><\/span>\n\t\t<div class=\"dnd_service_box dnd_service_box_round_aside \">\n\t\t\t<div class=\"dnd_service_box_header\"><a href=\"#\" target=\"_self\" class=\"dnd_icon_boxed\"><i class=\"fa-home\"><\/i><\/a><a href=\"#\" target=\"_self\"><h3>Adresse & Telefon<\/h3><\/a><\/div>\n\t\t\t<p>A.H.G. Hamm Lager- und 2. Wahlverkauf \u2022 Sachsenweg 21 \u2022 59073 Hamm <strong>Telefon:<\/strong> +49(0) 2381 \/ 4 966 211<\/p>\n\t\t<\/div><\/div><\/div><\/div>\n\t\t\n\t\t\n\t<\/section><section class=\"dnd_section_dd  section_no_column_margin section_with_header\" style=\"background-color:#f7f9fa;\">\n\t\t<header><div class=\"dnd_container\"><h3>Produkte<\/h3><p>Auszug unserer Produktreihen<\/p><\/div><\/header>\n\t\t<div class=\"dnd_section_content\"><div class=\"dnd_container\"><div class=\"dnd_column_dd_span3 \"><div class=\"dnd-animo \" data-animation=\"fadeIn\" data-duration=\"1000\" data-delay=\"0\"><img decoding=\"async\" src=\"https:\/\/ahg-hamm.de\/web\/wp-content\/uploads\/2015\/03\/produkte_ahg-hamm_portofino-ceramica.jpg\" alt=\"Produkte AHG Hamm Haushaltswaren Portofino Ceramica\"><\/div><\/div><div class=\"dnd_column_dd_span3 \"><div class=\"dnd-animo \" data-animation=\"fadeIn\" data-duration=\"1000\" data-delay=\"0\"><img decoding=\"async\" src=\"https:\/\/ahg-hamm.de\/web\/wp-content\/uploads\/2015\/03\/produkte_ahg-hamm_leger.jpg\" alt=\"Produtke AHG HAMM Haushaltswaren Leger\"><\/div><\/div><div class=\"dnd_column_dd_span3 \"><div class=\"dnd-animo \" data-animation=\"fadeIn\" data-duration=\"1000\" data-delay=\"0\"><img decoding=\"async\" src=\"https:\/\/ahg-hamm.de\/web\/wp-content\/uploads\/2015\/03\/produkte_ahg-hamm_slate-design.jpg\" alt=\"Produkte AHG Hamm Haushaltswaren Slate Design\"><\/div><\/div><div class=\"dnd_column_dd_span3 \"><div class=\"dnd-animo \" data-animation=\"fadeIn\" data-duration=\"1000\" data-delay=\"0\"><img decoding=\"async\" src=\"https:\/\/ahg-hamm.de\/web\/wp-content\/uploads\/2015\/03\/produkte_ahg-hamm_pflanzenwaechter.jpg\" alt=\"Produkte AHG Hamm Haushaltswaren Pflanzenw\u00e4chter\"><\/div><\/div><\/div><\/div>\n\t\t\n\t\t\n\t<\/section>\n<section class=\"dnd_section_dd \" style=\"\">\n\t\t\n\t\t<div class=\"dnd_section_content\"><div class=\"dnd_container\"><div class=\"dnd_column_dd_span6 \">\n<img decoding=\"async\" src=\"https:\/\/ahg-hamm.de\/web\/wp-content\/uploads\/2023\/01\/ahg-hamm-karte-aodesign.jpg\" \/><br \/>\nKarte in Google Maps \u00f6ffnen: <a href=\"https:\/\/www.google.com\/maps\/place\/A.H.G.+Handelsgesellschaft+f\u00fcrHaushaltswaren+GmbH\/@51.7029434,7.8192471,17z\/data=!3m1!5s0x47b9743f31e07167:0xb73cf15dc7397cc7!4m12!1m6!3m5!1s0x47b97438d318bdfd:0xf5d5c56b75ea4f58!2sA.H.G.+Handelsgesellschaft+f\u00fcrHaushaltswaren+GmbH!8m2!3d51.7029434!4d7.8214358!3m4!1s0x47b97438d318bdfd:0xf5d5c56b75ea4f58!8m2!3d51.7029434!4d7.8214358\" target=\"_blank\" rel=\"noopener\">hier klicken<\/a><br \/>\n <\/div>\n<div class=\"dnd_column_dd_span6 \"> <\/p>\n<h2>Kontakt<\/h2>\n<p>A.H.G. Allgemeine Handelsgesellschaft f\u00fcr Haushaltswaren GmbH<br \/>\nSachsenweg 21<br \/>\n59073 Hamm<\/p>\n<p>Telefon: +49 (0) 2381 \/ 953 105<br \/>\nTelefon: +49 (0) 2381 \/ 953 106<br \/>\nTelefax: +49 (0) 2381 \/ 953 107<br \/>\neMail: info@ahg-hamm.de<br \/>\n <\/div>\n<\/div><\/div>\n\t\t\n\t\t\n\t<\/section>\n","protected":false},"excerpt":{"rendered":"<p>A.H.G. Hamm &#8211; Ideen f\u00fcr Haushalt und Garten Das Beschaffungs-, Vertriebs- und Sourcingunternehmen f\u00fcr Pflanzgef\u00e4\u00dfe, Dekorationsartikel &#038; mehr. Indoor Hochwertig handgefertigte Keramik f\u00fcr den Innenbereich. Edelstahl\/Metall\/Zink Rostfreie, leichte und wasserfeste Gef\u00e4\u00dfe aus Edelstahl, Metall und Zink. Outdoor Winter- und frostbest\u00e4ndige Pflanzgef\u00e4\u00dfe f\u00fcr den Au\u00dfenbereich. Robust, alltagstauglich und UV-best\u00e4ndig. Polyrattan Pflegeleichte Pflanzgef\u00e4\u00dfe f\u00fcr den Innen- und [&#8230;]<\/p>\n","protected":false},"author":2,"featured_media":0,"parent":0,"menu_order":1,"comment_status":"closed","ping_status":"closed","template":"page-front-page-revolution.php","meta":{"footnotes":""},"class_list":["post-2351","page","type-page","status-publish","hentry"],"_links":{"self":[{"href":"https:\/\/ahg-hamm.de\/web\/wp-json\/wp\/v2\/pages\/2351","targetHints":{"allow":["GET"]}}],"collection":[{"href":"https:\/\/ahg-hamm.de\/web\/wp-json\/wp\/v2\/pages"}],"about":[{"href":"https:\/\/ahg-hamm.de\/web\/wp-json\/wp\/v2\/types\/page"}],"author":[{"embeddable":true,"href":"https:\/\/ahg-hamm.de\/web\/wp-json\/wp\/v2\/users\/2"}],"replies":[{"embeddable":true,"href":"https:\/\/ahg-hamm.de\/web\/wp-json\/wp\/v2\/comments?post=2351"}],"version-history":[{"count":151,"href":"https:\/\/ahg-hamm.de\/web\/wp-json\/wp\/v2\/pages\/2351\/revisions"}],"predecessor-version":[{"id":3344,"href":"https:\/\/ahg-hamm.de\/web\/wp-json\/wp\/v2\/pages\/2351\/revisions\/3344"}],"wp:attachment":[{"href":"https:\/\/ahg-hamm.de\/web\/wp-json\/wp\/v2\/media?parent=2351"}],"curies":[{"name":"wp","href":"https:\/\/api.w.org\/{rel}","templated":true}]}}