{"id":2722,"date":"2015-04-02T18:12:21","date_gmt":"2015-04-02T16:12:21","guid":{"rendered":"http:\/\/ahg-hamm.de\/web\/?page_id=2722"},"modified":"2015-04-14T09:14:32","modified_gmt":"2015-04-14T07:14:32","slug":"indoor","status":"publish","type":"page","link":"https:\/\/ahg-hamm.de\/web\/produkte-haushalt-und-garten\/indoor\/","title":{"rendered":"Indoor"},"content":{"rendered":"<section class=\"dnd_section_dd \" style=\"\">\n\t\t\n\t\t<div class=\"dnd_section_content\"><div class=\"dnd_container\"><div class=\"dnd_column_dd_span3 \">\n\t\t<div class=\"dnd_service_box dnd_service_box_round \">\n\t\t\t<div class=\"dnd_service_box_header\"><div class=\"dnd_icon_boxed\"><i class=\"wm-wm-indoor\"><\/i><\/div><h3><\/h3><\/div>\n\t\t\t<p>\n<\/p>\n\t\t<\/div><strong>Hochwertig handgefertigte Keramik f\u00fcr den Innenbereich.<\/strong><\/p>\n<p>Aufgrund unserer breitgef\u00e4cherten Produktpalette ist es uns nicht m\u00f6glich unsere gesamte Produktvielfalt auf dieser Homepage darzustellen. <\/p>\n<\/div><div class=\"dnd_column_dd_span9 \">[rev_slider alias=&#8217;indoor&#8216;][\/rev_slider]<span class=\"clear \" style=\"height:20px;display:block;\"><\/span>Bei Interesse stehen wir jederzeit f\u00fcr R\u00fcckfragen und\/oder einem pers\u00f6nlichen Termin in unserem Hause zur Verf\u00fcgung in dem Sie sich auf \u00fcber 1.000 m\u00b2 Ausstellungsfl\u00e4che von unseren Produkten \u00fcberzeugen k\u00f6nnen.<span class=\"clear \" style=\"height:10px;display:block;\"><\/span><a href=\"https:\/\/ahg-hamm.de\/web\/kontakt\/\" target=\"_self\" class=\"dnd-button dnd-button_orange dnd-button_normal dnd-button_medium \">Kontakt<\/a><\/div><\/div><\/div>\n\t\t\n\t\t\n\t<\/section>\n","protected":false},"excerpt":{"rendered":"<p>Hochwertig handgefertigte Keramik f\u00fcr den Innenbereich. Aufgrund unserer breitgef\u00e4cherten Produktpalette ist es uns nicht m\u00f6glich unsere gesamte Produktvielfalt auf dieser Homepage darzustellen. [rev_slider alias=&#8217;indoor&#8216;][\/rev_slider]Bei Interesse stehen wir jederzeit f\u00fcr R\u00fcckfragen und\/oder einem pers\u00f6nlichen Termin in unserem Hause zur Verf\u00fcgung in dem Sie sich auf \u00fcber 1.000 m\u00b2 Ausstellungsfl\u00e4che von unseren Produkten \u00fcberzeugen k\u00f6nnen.Kontakt<\/p>\n","protected":false},"author":2,"featured_media":0,"parent":9,"menu_order":1,"comment_status":"open","ping_status":"open","template":"page-fullwidth.php","meta":{"footnotes":""},"class_list":["post-2722","page","type-page","status-publish","hentry"],"_links":{"self":[{"href":"https:\/\/ahg-hamm.de\/web\/wp-json\/wp\/v2\/pages\/2722","targetHints":{"allow":["GET"]}}],"collection":[{"href":"https:\/\/ahg-hamm.de\/web\/wp-json\/wp\/v2\/pages"}],"about":[{"href":"https:\/\/ahg-hamm.de\/web\/wp-json\/wp\/v2\/types\/page"}],"author":[{"embeddable":true,"href":"https:\/\/ahg-hamm.de\/web\/wp-json\/wp\/v2\/users\/2"}],"replies":[{"embeddable":true,"href":"https:\/\/ahg-hamm.de\/web\/wp-json\/wp\/v2\/comments?post=2722"}],"version-history":[{"count":35,"href":"https:\/\/ahg-hamm.de\/web\/wp-json\/wp\/v2\/pages\/2722\/revisions"}],"predecessor-version":[{"id":2962,"href":"https:\/\/ahg-hamm.de\/web\/wp-json\/wp\/v2\/pages\/2722\/revisions\/2962"}],"up":[{"embeddable":true,"href":"https:\/\/ahg-hamm.de\/web\/wp-json\/wp\/v2\/pages\/9"}],"wp:attachment":[{"href":"https:\/\/ahg-hamm.de\/web\/wp-json\/wp\/v2\/media?parent=2722"}],"curies":[{"name":"wp","href":"https:\/\/api.w.org\/{rel}","templated":true}]}}