{"id":3270,"date":"2023-06-16T11:12:31","date_gmt":"2023-06-16T09:12:31","guid":{"rendered":"https:\/\/ahg-hamm.de\/web\/?page_id=3270"},"modified":"2023-11-03T12:33:11","modified_gmt":"2023-11-03T11:33:11","slug":"ausbildung","status":"publish","type":"page","link":"https:\/\/ahg-hamm.de\/web\/jobs\/ausbildung\/","title":{"rendered":"Ausbildung"},"content":{"rendered":"<section class=\"dnd_section_dd \" style=\"\">\n\t\t\n\t\t<div class=\"dnd_section_content\"><div class=\"dnd_container\"><div class=\"dnd_column_dd_span12 \">Die Firma A.H.G. GmbH ist ein seit 1996 international t\u00e4tiges Unternehmen mit Tochtergesellschaften und Dependancen in Hong Kong und Vietnam. Unser Beschaffungsnetzwerk mit langj\u00e4hrigen joint-ventures reicht zudem in \u00fcber 10 weitere L\u00e4nder Europas. Wir besch\u00e4ftigen uns schwerpunktm\u00e4\u00dfig mit dem Import von Pflanzgef\u00e4\u00dfen, Dekoartikeln und Accessoires sowie Gartenm\u00f6beln f\u00fcr die \u201egr\u00fcne Branche\u201c. Wir beliefern innerhalb Europas in 16 L\u00e4nder u.a. die gr\u00f6\u00dften deutschen namhaften Baumarktketten sowie deren Gartencenter.<\/p>\n<p>Wir verstehen uns nicht nur als reiner Gro\u00dfh\u00e4ndler oder Importeur sondern mehr als Beschaffungs-, Marketing- und Sourcing-Unternehmen.<br \/>Wir \u00fcbernehmen zudem die logistischen Prozesse im klein- oder gro\u00dfvolumigen Bezug damit die Saisonwaren zum richtigen Zeitpunkt am richtigen Ort sind und in der Saison nachbeziehbar bleiben. <\/p>\n<\/div><\/div><\/div>\n\t\t\n\t\t\n\t<\/section>\n<section class=\"dnd_section_dd \" style=\"background-color:#f6f7f9;\">\n\t\t\n\t\t<div class=\"dnd_section_content\"><div class=\"dnd_container\"><div class=\"dnd_column_dd_span12 \"> Wir bieten:<\/p>\n<p><span style=\"font-size: 18pt;color:#fa0000;\"><b>Ausbildungsstelle Fachkraft f\u00fcr Lagerlogistik (m\/w\/d)<\/b><\/span><\/p>\n<p>Wir als Gro\u00dfhandelsunternehmen in Hamm-Heessen besch\u00e4ftigen uns schwerpunktm\u00e4\u00dfig mit dem Import von Pflanzgef\u00e4\u00dfen, Dekoartikeln und Accessoires sowie Gartenm\u00f6beln. Innerhalb Europas beliefern wir in 16 L\u00e4ndern u.a. die gr\u00f6\u00dften deutschen Baumarktketten. F\u00fcr unser Lager haben wir <span style=\"color:#fa0000;\">zum 01.08.2024<\/span> eine Ausbildungsstelle als Fachkraft f\u00fcr Lagerlogistik (m\/w\/d) zu vergeben. <\/p>\n<p><span style=\"font-weight:bold;\">Wir bieten:<\/span><\/p>\n<ul>\n<li> Spannende Aufgabenzuteilung w\u00e4hrend deiner 3-j\u00e4hrigen Ausbildung<br \/>\n(Annahme von G\u00fctern, Kommissionieren und Zusammenstellung von Ladeeinheiten, Nutzen von Arbeits- und F\u00f6rdermittel)<\/li>\n<li> Tarifvertragsangelehnte Ausbildungsverg\u00fctung<\/li>\n<li> Schulung f\u00fcr Gabelstaplerschein<\/li>\n<li> Arbeitsort in 59073 Hamm<\/li>\n<li> Berufsschule 2x w\u00f6chentlich in Hamm <\/li>\n<li> Hohe \u00dcbernahmechancen<\/li>\n<li> Vielf\u00e4ltige Entwicklungsm\u00f6glichkeiten<\/li>\n<li> Kostenfreie Getr\u00e4nke<\/li>\n<\/ul>\n<p><\/p>\n<p><span style=\"font-weight:bold;\">Du bringst mit:<\/span><\/p>\n<ul>\n<li>Mindestens Hauptschulabschluss<\/li>\n<li> F\u00fchrerschein der Klasse B<\/li>\n<li> Zuverl\u00e4ssigkeit <\/li>\n<li> Technisches Verst\u00e4ndnis<\/li>\n<li> Teamf\u00e4higkeit<\/li>\n<\/ul>\n<\/p>\n<p><span style=\"font-size: 18pt;color:#fa0000;\"><b>Ausbildung Kaufmann\/-frau im Gro\u00df- und Au\u00dfenhandelsmanagement (m\/w\/d)<\/b><\/span><\/p>\n<p>Wenn du Spa\u00df an verwaltenden Aufgaben hast und dich f\u00fcr Einkaufsprozesse interessierst bist du bei uns richtig.<br \/>\nWir als Gro\u00dfhandelsunternehmen in Hamm-Heessen besch\u00e4ftigen uns schwerpunktm\u00e4\u00dfig mit dem Import von Pflanzgef\u00e4\u00dfen, Dekoartikeln und Accessoires sowie Gartenm\u00f6beln. Innerhalb Europas beliefern wir in 16 L\u00e4ndern u.a. die gr\u00f6\u00dften deutschen Baumarktketten. <span style=\"color:#fa0000;\">Zum 01.08.2024<\/span> haben wir eine Ausbildungsstelle als Kaufmann\/-frau im Gro\u00df- und Au\u00dfenhandelsmanagement (m\/w\/d) zu vergeben. <\/p>\n<p><span style=\"font-weight:bold;\">Wir bieten:<\/span><\/p>\n<ul>\n<li>Spannende Aufgabenzuteilung w\u00e4hrend deiner 3-j\u00e4hrigen Ausbildung<br \/>\n(u. a. Auftragsverwaltung, Lieferantenkorrespondenz)<\/li>\n<li> Tarifvertragsangelehnte Ausbildungsverg\u00fctung <\/li>\n<li> Arbeitsort in 59073 Hamm<\/li>\n<li> Berufsschule 2x w\u00f6chentlich in Hamm <\/li>\n<li> Hohe \u00dcbernahmechancen<\/li>\n<li> Vielf\u00e4ltige Entwicklungsm\u00f6glichkeiten<\/li>\n<li>Kostenfreie Getr\u00e4nke<\/li>\n<\/ul>\n<p><\/p>\n<p><span style=\"font-weight:bold;\">Du bringst mit:<\/span><\/p>\n<ul>\n<li> Realschulabschluss oder h\u00f6here Qualifikation<\/li>\n<li> Zuverl\u00e4ssigkeit <\/li>\n<li> Freundliches Auftreten<\/li>\n<li> Erste Kenntnisse im Umgang mit MS Office (Word und Excel)<\/li>\n<\/ul>\n<\/p>\n<p><span style=\"font-size: 18pt;color:#fa0000;\"><b>Ausbildung Kaufmann\/-frau im E-Commerce (m\/w\/d)<\/b><\/span><\/p>\n<p>Wir als Gro\u00dfhandelsunternehmen mit eigenem Online-Shop mit Sitz in Hamm-Heessen besch\u00e4ftigen uns schwerpunktm\u00e4\u00dfig mit dem Import von Pflanzgef\u00e4\u00dfen, Dekoartikeln und Accessoires sowie Gartenm\u00f6beln. <span style=\"color:#fa0000;\">Zum 01.08.2024<\/span> haben wir eine Ausbildungsstelle als Kaufmann\/-frau im E-Commerce (m\/w\/d) zu vergeben. <\/p>\n<p><span style=\"font-weight:bold;\">Wir bieten:<\/span><\/p>\n<ul>\n<li>Spannende Aufgabenzuteilung w\u00e4hrend deiner 3-j\u00e4hrigen Ausbildung<br \/>\n(u. a. digitale Kundenkommunikation, Webshop-Optimierung, Umsetzung von E-Commerce Projekten)<\/li>\n<li>Tarifvertragsangelehnte Ausbildungsverg\u00fctung <\/li>\n<li>Arbeitsort in 59073 Hamm<\/li>\n<li>Berufsschule 2x w\u00f6chentlich <\/li>\n<li>Hohe \u00dcbernahmechancen<\/li>\n<li>Vielf\u00e4ltige Entwicklungsm\u00f6glichkeiten<\/li>\n<li>Kostenfreie Getr\u00e4nke<\/li>\n<\/ul>\n<\/p>\n<p><span style=\"font-weight:bold;\">Du bringst mit:<\/span><\/p>\n<ul>\n<li>Realschulabschluss oder h\u00f6here Qualifikation<\/li>\n<li>Zuverl\u00e4ssigkeit <\/li>\n<li>Freundliches Auftreten<\/li>\n<li>Spa\u00df am Fotografieren unserer Produkte<\/li>\n<li>Erste Kenntnisse im Umgang mit MS Office (Word und Excel)<\/li>\n<\/ul>\n<\/div><\/div><\/div>\n\t\t\n\t\t\n\t<\/section><section class=\"dnd_section_dd \" style=\"\">\n\t\t\n\t\t<div class=\"dnd_section_content\"><div class=\"dnd_container\"><div class=\"dnd_column_dd_span12 \"><span class=\"clear \" style=\"height:15px;display:block;\"><\/span>\nWerde Teil unseres dynamischen Teams in guter Arbeitsatmosph\u00e4re.<br \/>\n<span style=\"font-weight:bold;\">F\u00fchlst du dich angesprochen? <\/span><br \/>\nDann freuen wir uns \u00fcber deine Online-Bewerbung an Frau Sandra Walter (s.walter@ahg-hamm.de).<\/p>\n<p><b>Arbeitsort<\/b><br \/>\nSachsenweg 21<br \/>\n59073 Hamm \/ Westfalen<br \/>\nNordrhein-Westfalen, Deutschland<br \/>\nTelefon: 02381-953105<\/div><\/div><\/div>\n\t\t\n\t\t\n\t<\/section>\n","protected":false},"excerpt":{"rendered":"<p>Die Firma A.H.G. GmbH ist ein seit 1996 international t\u00e4tiges Unternehmen mit Tochtergesellschaften und Dependancen in Hong Kong und Vietnam. Unser Beschaffungsnetzwerk mit langj\u00e4hrigen joint-ventures reicht zudem in \u00fcber 10 weitere L\u00e4nder Europas. Wir besch\u00e4ftigen uns schwerpunktm\u00e4\u00dfig mit dem Import von Pflanzgef\u00e4\u00dfen, Dekoartikeln und Accessoires sowie Gartenm\u00f6beln f\u00fcr die \u201egr\u00fcne Branche\u201c. Wir beliefern innerhalb Europas [&#8230;]<\/p>\n","protected":false},"author":2,"featured_media":0,"parent":15,"menu_order":6,"comment_status":"closed","ping_status":"closed","template":"page-no-container.php","meta":{"footnotes":""},"class_list":["post-3270","page","type-page","status-publish","hentry"],"_links":{"self":[{"href":"https:\/\/ahg-hamm.de\/web\/wp-json\/wp\/v2\/pages\/3270","targetHints":{"allow":["GET"]}}],"collection":[{"href":"https:\/\/ahg-hamm.de\/web\/wp-json\/wp\/v2\/pages"}],"about":[{"href":"https:\/\/ahg-hamm.de\/web\/wp-json\/wp\/v2\/types\/page"}],"author":[{"embeddable":true,"href":"https:\/\/ahg-hamm.de\/web\/wp-json\/wp\/v2\/users\/2"}],"replies":[{"embeddable":true,"href":"https:\/\/ahg-hamm.de\/web\/wp-json\/wp\/v2\/comments?post=3270"}],"version-history":[{"count":25,"href":"https:\/\/ahg-hamm.de\/web\/wp-json\/wp\/v2\/pages\/3270\/revisions"}],"predecessor-version":[{"id":3318,"href":"https:\/\/ahg-hamm.de\/web\/wp-json\/wp\/v2\/pages\/3270\/revisions\/3318"}],"up":[{"embeddable":true,"href":"https:\/\/ahg-hamm.de\/web\/wp-json\/wp\/v2\/pages\/15"}],"wp:attachment":[{"href":"https:\/\/ahg-hamm.de\/web\/wp-json\/wp\/v2\/media?parent=3270"}],"curies":[{"name":"wp","href":"https:\/\/api.w.org\/{rel}","templated":true}]}}